{"id":2115,"date":"2025-08-04T17:08:26","date_gmt":"2025-08-04T15:08:26","guid":{"rendered":"https:\/\/www.kmgmediterranee.fr\/?page_id=2115"},"modified":"2025-12-07T14:22:44","modified_gmt":"2025-12-07T13:22:44","slug":"tarifs","status":"publish","type":"page","link":"https:\/\/preprod.kmgmediterranee.fr\/index.php\/tarifs\/","title":{"rendered":"Tarifs"},"content":{"rendered":"\n<div class=\"wp-block-buttons is-content-justification-center is-layout-flex wp-container-core-buttons-is-layout-16018d1d wp-block-buttons-is-layout-flex\">\n<div class=\"wp-block-button\"><a class=\"wp-block-button__link wp-element-button\" href=\"https:\/\/kmg-mediterranee.assoconnect.com\/collect\/description\/648929-u-inscription-2025-decembre\"><mark style=\"background-color:rgba(0, 0, 0, 0)\" class=\"has-inline-color has-luminous-vivid-orange-color\">M&#8217;inscrire maintenant<\/mark><\/a><\/div>\n<\/div>\n\n\n\n<p><\/p>\n\n\n\n<h4 class=\"wp-block-heading\"><strong>Tarif Ado<\/strong> (14\u201316 ans) \u2014 <strong>150?\u20ac + 1 bo\u00eete de bonbons<\/strong><\/h4>\n\n\n\n<p>Un tarif adapt\u00e9 aux jeunes motiv\u00e9s, int\u00e9gr\u00e9s directement aux cours adultes pour une progression acc\u00e9l\u00e9r\u00e9e et un encadrement renforc\u00e9.<\/p>\n\n\n\n<ul class=\"wp-block-list\">\n<li><strong>Inclus \u00e0 l\u2019inscription<\/strong> : 1 tee-shirt de l\u2019association<\/li>\n\n\n\n<li><strong>Acc\u00e8s<\/strong> : jusqu\u2019\u00e0 <strong>2 s\u00e9ances par semaine<\/strong> aux c\u00f4t\u00e9s des adultes, dans un cadre s\u00e9curis\u00e9 et stimulant<\/li>\n\n\n\n<li><strong>Objectif<\/strong> : renforcer la confiance, apprendre les techniques de d\u00e9fense et d\u00e9velopper la discipline<\/li>\n\n\n\n<li><strong>Bonus<\/strong> : passage de grade en fin d\u2019ann\u00e9e + <strong>assurance incluse<\/strong><\/li>\n<\/ul>\n\n\n\n<p><\/p>\n\n\n\n<p><\/p>\n\n\n\n<h4 class=\"wp-block-heading\"><strong>Tarif Adulte<\/strong> (\u00e0 partir de 17 ans) \u2014 <strong>250?\u20ac + 1 bo\u00eete de bonbons<\/strong><\/h4>\n\n\n\n<p>Ce forfait s\u2019adresse aux adultes souhaitant pratiquer le Krav Maga dans un cadre s\u00e9rieux et dynamique.<\/p>\n\n\n\n<ul class=\"wp-block-list\">\n<li><strong>Inclus \u00e0 l\u2019inscription<\/strong> : 1 tee-shirt de l\u2019association<\/li>\n\n\n\n<li><strong>Acc\u00e8s<\/strong> : jusqu\u2019\u00e0 <strong>3 s\u00e9ances par semaine<\/strong> pour progresser \u00e0 son rythme<\/li>\n\n\n\n<li><strong>Objectif<\/strong> : d\u00e9veloppement de la confiance en soi, am\u00e9lioration de la condition physique, apprentissage des techniques de d\u00e9fense et de strat\u00e9gie<\/li>\n\n\n\n<li><strong>Bonus<\/strong> : passage de grade en fin d\u2019ann\u00e9e pour valider les acquis<\/li>\n<\/ul>\n\n\n\n<p><\/p>\n\n\n\n<p><\/p>\n\n\n\n<h4 class=\"wp-block-heading\"><strong>Tarif Kids<\/strong> (de 5 \u00e0 13 ans) \u2014 <strong>150?\u20ac<\/strong><\/h4>\n\n\n\n<p>Une initiation ludique et s\u00e9curis\u00e9e au Krav Maga pour les plus jeunes.<\/p>\n\n\n\n<ul class=\"wp-block-list\">\n<li><strong>Inclus \u00e0 l\u2019inscription<\/strong> : 1 tee-shirt + 1 pantalon de l\u2019association<\/li>\n\n\n\n<li><strong>Acc\u00e8s<\/strong> : <strong>1 s\u00e9ance par semaine<\/strong>, adapt\u00e9e \u00e0 l\u2019\u00e2ge de l\u2019enfant<\/li>\n\n\n\n<li><strong>Objectif<\/strong> : d\u00e9veloppement de la motricit\u00e9, de la concentration et de la confiance en soi<\/li>\n\n\n\n<li><strong>Bonus<\/strong> : passage de grade + <strong>assurance incluse<\/strong><\/li>\n<\/ul>\n\n\n\n<p><\/p>\n\n\n\n<p><\/p>\n\n\n\n<h4 class=\"wp-block-heading\"><strong>Offre sp\u00e9ciale<\/strong> \u2014 Agents de s\u00e9curit\u00e9, Pompiers, Forces de l\u2019ordre \u2014 <strong>180?\u20ac + 1 bo\u00eete de bonbons<\/strong><\/h4>\n\n\n\n<p>Un tarif pr\u00e9f\u00e9rentiel r\u00e9serv\u00e9 aux professionnels de la s\u00e9curit\u00e9 et de l\u2019intervention, int\u00e9gr\u00e9s aux <strong>cours adultes<\/strong> pour un entra\u00eenement complet et r\u00e9aliste.<\/p>\n\n\n\n<ul class=\"wp-block-list\">\n<li><strong>Inclus \u00e0 l\u2019inscription<\/strong> : 1 tee-shirt de l\u2019association<\/li>\n\n\n\n<li><strong>Acc\u00e8s<\/strong> : jusqu\u2019\u00e0 <strong>3 s\u00e9ances par semaine<\/strong>, aux c\u00f4t\u00e9s des pratiquants adultes<\/li>\n\n\n\n<li><strong>Objectif<\/strong> : renforcer les r\u00e9flexes, la condition physique et les comp\u00e9tences tactiques utiles sur le terrain<\/li>\n\n\n\n<li><strong>Avantage<\/strong> : un cadre s\u00e9rieux, dynamique et adapt\u00e9 aux exigences du m\u00e9tier<\/li>\n<\/ul>\n\n\n\n<p><\/p>\n\n\n\n<p><\/p>\n\n\n\n<h4 class=\"wp-block-heading\"><strong>Adh\u00e9sion double (conjoint\/famille)<\/strong><\/h4>\n\n\n\n<p>Profitez de <strong>50?\u20ac de r\u00e9duction<\/strong> sur la cotisation totale pour toute inscription en duo ou en famille.<\/p>\n\n\n\n<p><\/p>\n\n\n\n<div class=\"wp-block-buttons is-content-justification-center is-layout-flex wp-container-core-buttons-is-layout-16018d1d wp-block-buttons-is-layout-flex\">\n<div class=\"wp-block-button\"><a class=\"wp-block-button__link wp-element-button\" href=\"https:\/\/kmg-mediterranee.assoconnect.com\/collect\/description\/648929-u-inscription-2025-decembre\"><mark style=\"background-color:rgba(0, 0, 0, 0)\" class=\"has-inline-color has-luminous-vivid-orange-color\">Alors, vous venez ?<\/mark><\/a><\/div>\n<\/div>\n\n\n\n<p><\/p>\n","protected":false},"excerpt":{"rendered":"<p>Tarif Ado (14\u201316 ans) \u2014 150?\u20ac + 1 bo\u00eete de bonbons Un tarif adapt\u00e9 aux jeunes motiv\u00e9s, int\u00e9gr\u00e9s directement aux cours adultes pour une progression acc\u00e9l\u00e9r\u00e9e et un encadrement renforc\u00e9. Tarif Adulte (\u00e0 partir de 17 ans) \u2014 250?\u20ac + 1 bo\u00eete de bonbons Ce forfait s\u2019adresse aux adultes souhaitant pratiquer le Krav Maga dans [&hellip;]<\/p>\n","protected":false},"author":2,"featured_media":0,"parent":0,"menu_order":0,"comment_status":"closed","ping_status":"closed","template":"","meta":{"footnotes":""},"class_list":["post-2115","page","type-page","status-publish","hentry"],"_links":{"self":[{"href":"https:\/\/preprod.kmgmediterranee.fr\/index.php\/wp-json\/wp\/v2\/pages\/2115","targetHints":{"allow":["GET"]}}],"collection":[{"href":"https:\/\/preprod.kmgmediterranee.fr\/index.php\/wp-json\/wp\/v2\/pages"}],"about":[{"href":"https:\/\/preprod.kmgmediterranee.fr\/index.php\/wp-json\/wp\/v2\/types\/page"}],"author":[{"embeddable":true,"href":"https:\/\/preprod.kmgmediterranee.fr\/index.php\/wp-json\/wp\/v2\/users\/2"}],"replies":[{"embeddable":true,"href":"https:\/\/preprod.kmgmediterranee.fr\/index.php\/wp-json\/wp\/v2\/comments?post=2115"}],"version-history":[{"count":12,"href":"https:\/\/preprod.kmgmediterranee.fr\/index.php\/wp-json\/wp\/v2\/pages\/2115\/revisions"}],"predecessor-version":[{"id":6118,"href":"https:\/\/preprod.kmgmediterranee.fr\/index.php\/wp-json\/wp\/v2\/pages\/2115\/revisions\/6118"}],"wp:attachment":[{"href":"https:\/\/preprod.kmgmediterranee.fr\/index.php\/wp-json\/wp\/v2\/media?parent=2115"}],"curies":[{"name":"wp","href":"https:\/\/api.w.org\/{rel}","templated":true}]}}